{"id":11794,"date":"2024-12-18T20:31:09","date_gmt":"2024-12-18T20:31:09","guid":{"rendered":"https:\/\/boatingunited.ca\/previous-campaigns\/"},"modified":"2025-01-15T18:56:19","modified_gmt":"2025-01-15T18:56:19","slug":"campagnes-precedentes","status":"publish","type":"page","link":"https:\/\/boatingunited.ca\/fr\/campagnes-precedentes\/","title":{"rendered":"Campagnes pr\u00e9c\u00e9dentes"},"content":{"rendered":"\t\t<div data-elementor-type=\"wp-page\" data-elementor-id=\"11794\" class=\"elementor elementor-11794 elementor-11724\" data-elementor-post-type=\"page\">\n\t\t\t\t<div class=\"elementor-element elementor-element-d2e7cb1 e-con-full e-flex e-con e-parent\" data-id=\"d2e7cb1\" data-element_type=\"container\" data-e-type=\"container\" data-settings=\"{&quot;background_background&quot;:&quot;classic&quot;}\">\n\t\t<div class=\"elementor-element elementor-element-247b9ba e-flex e-con-boxed e-con e-child\" data-id=\"247b9ba\" data-element_type=\"container\" data-e-type=\"container\">\n\t\t\t\t\t<div class=\"e-con-inner\">\n\t\t\t\t<div class=\"elementor-element elementor-element-0049652 elementor-widget elementor-widget-heading\" data-id=\"0049652\" data-element_type=\"widget\" data-e-type=\"widget\" data-widget_type=\"heading.default\">\n\t\t\t\t<div class=\"elementor-widget-container\">\n\t\t\t\t\t<h2 class=\"elementor-heading-title elementor-size-default\">Campagnes pr\u00e9c\u00e9dentes<\/h2>\t\t\t\t<\/div>\n\t\t\t\t<\/div>\n\t\t\t\t<div class=\"elementor-element elementor-element-4e852d2 elementor-align-center elementor-widget elementor-widget-button\" data-id=\"4e852d2\" data-element_type=\"widget\" data-e-type=\"widget\" data-widget_type=\"button.default\">\n\t\t\t\t<div class=\"elementor-widget-container\">\n\t\t\t\t\t\t\t\t\t<div class=\"elementor-button-wrapper\">\n\t\t\t\t\t<a class=\"elementor-button elementor-button-link elementor-size-sm\" href=\"\/\">\n\t\t\t\t\t\t<span class=\"elementor-button-content-wrapper\">\n\t\t\t\t\t\t\t\t\t<span class=\"elementor-button-text\">Retour \u00e0 la page d'accueil<\/span>\n\t\t\t\t\t<\/span>\n\t\t\t\t\t<\/a>\n\t\t\t\t<\/div>\n\t\t\t\t\t\t\t\t<\/div>\n\t\t\t\t<\/div>\n\t\t\t\t\t<\/div>\n\t\t\t\t<\/div>\n\t\t\t\t<\/div>\n\t\t<div class=\"elementor-element elementor-element-e24a852 e-con-full e-flex e-con e-parent\" data-id=\"e24a852\" data-element_type=\"container\" data-e-type=\"container\" data-settings=\"{&quot;background_background&quot;:&quot;classic&quot;}\">\n\t\t<div class=\"elementor-element elementor-element-fb2ffd6 e-flex e-con-boxed e-con e-child\" data-id=\"fb2ffd6\" data-element_type=\"container\" data-e-type=\"container\">\n\t\t\t\t\t<div class=\"e-con-inner\">\n\t\t<div class=\"elementor-element elementor-element-a2b7e87 e-con-full e-flex e-con e-child\" data-id=\"a2b7e87\" data-element_type=\"container\" data-e-type=\"container\" data-settings=\"{&quot;background_background&quot;:&quot;classic&quot;}\">\n\t\t\t\t<div class=\"elementor-element elementor-element-2728735 elementor-widget elementor-widget-heading\" data-id=\"2728735\" data-element_type=\"widget\" data-e-type=\"widget\" data-widget_type=\"heading.default\">\n\t\t\t\t<div class=\"elementor-widget-container\">\n\t\t\t\t\t<h2 class=\"elementor-heading-title elementor-size-default\"><br>Port obligatoire des VFI et des gilets de sauvetage<\/h2>\t\t\t\t<\/div>\n\t\t\t\t<\/div>\n\t\t\t\t<div class=\"elementor-element elementor-element-ec53755 elementor-widget elementor-widget-image\" data-id=\"ec53755\" data-element_type=\"widget\" data-e-type=\"widget\" data-widget_type=\"image.default\">\n\t\t\t\t<div class=\"elementor-widget-container\">\n\t\t\t\t\t\t\t\t\t\t\t\t\t\t\t<img fetchpriority=\"high\" decoding=\"async\" width=\"1140\" height=\"1316\" src=\"https:\/\/boatingunited.ca\/wp-content\/uploads\/PFDs_lifejackets_FR_thumb-min.png\" class=\"attachment-full size-full wp-image-11777\" alt=\"\" srcset=\"https:\/\/boatingunited.ca\/wp-content\/uploads\/PFDs_lifejackets_FR_thumb-min.png 1140w, https:\/\/boatingunited.ca\/wp-content\/uploads\/PFDs_lifejackets_FR_thumb-min-260x300.png 260w, https:\/\/boatingunited.ca\/wp-content\/uploads\/PFDs_lifejackets_FR_thumb-min-887x1024.png 887w, https:\/\/boatingunited.ca\/wp-content\/uploads\/PFDs_lifejackets_FR_thumb-min-768x887.png 768w\" sizes=\"(max-width: 1140px) 100vw, 1140px\" \/>\t\t\t\t\t\t\t\t\t\t\t\t\t\t\t<\/div>\n\t\t\t\t<\/div>\n\t\t\t\t<div class=\"elementor-element elementor-element-13b6b6f elementor-align-center elementor-widget elementor-widget-button\" data-id=\"13b6b6f\" data-element_type=\"widget\" data-e-type=\"widget\" data-widget_type=\"button.default\">\n\t\t\t\t<div class=\"elementor-widget-container\">\n\t\t\t\t\t\t\t\t\t<div class=\"elementor-button-wrapper\">\n\t\t\t\t\t<a class=\"elementor-button elementor-button-link elementor-size-sm\" href=\"\/wp-content\/uploads\/PFDs_lifejackets_FR.pdf\" target=\"_blank\">\n\t\t\t\t\t\t<span class=\"elementor-button-content-wrapper\">\n\t\t\t\t\t\t\t\t\t<span class=\"elementor-button-text\">Voir la campagne<\/span>\n\t\t\t\t\t<\/span>\n\t\t\t\t\t<\/a>\n\t\t\t\t<\/div>\n\t\t\t\t\t\t\t\t<\/div>\n\t\t\t\t<\/div>\n\t\t\t\t<\/div>\n\t\t<div data-premium-element-link=\"{&quot;type&quot;:&quot;url&quot;,&quot;link&quot;:{&quot;url&quot;:&quot;\\\/wp-content\\\/uploads\\\/access_to_waterways_EN.pdf&quot;,&quot;is_external&quot;:&quot;on&quot;,&quot;nofollow&quot;:&quot;&quot;,&quot;custom_attributes&quot;:&quot;&quot;},&quot;href&quot;:&quot;\\\/wp-content\\\/uploads\\\/access_to_waterways_EN.pdf&quot;}\" style=\"cursor: pointer\" class=\"elementor-element elementor-element-645734e e-con-full premium-wrapper-link-yes e-flex e-con e-child\" data-id=\"645734e\" data-element_type=\"container\" data-e-type=\"container\" data-settings=\"{&quot;background_background&quot;:&quot;classic&quot;}\">\n\t\t\t\t<div class=\"elementor-element elementor-element-f3f0bee elementor-widget elementor-widget-heading\" data-id=\"f3f0bee\" data-element_type=\"widget\" data-e-type=\"widget\" data-widget_type=\"heading.default\">\n\t\t\t\t<div class=\"elementor-widget-container\">\n\t\t\t\t\t<h2 class=\"elementor-heading-title elementor-size-default\">R\u00e8glement sur les restrictions \u00e0 l'exploitation des navires<\/h2>\t\t\t\t<\/div>\n\t\t\t\t<\/div>\n\t\t\t\t<div class=\"elementor-element elementor-element-5a202d9 elementor-widget elementor-widget-image\" data-id=\"5a202d9\" data-element_type=\"widget\" data-e-type=\"widget\" data-widget_type=\"image.default\">\n\t\t\t\t<div class=\"elementor-widget-container\">\n\t\t\t\t\t\t\t\t\t\t\t\t\t\t\t<img decoding=\"async\" width=\"1000\" height=\"1140\" src=\"https:\/\/boatingunited.ca\/wp-content\/uploads\/access_to_waterways_FR_thumb-min.png\" class=\"attachment-full size-full wp-image-11742\" alt=\"\" srcset=\"https:\/\/boatingunited.ca\/wp-content\/uploads\/access_to_waterways_FR_thumb-min.png 1000w, https:\/\/boatingunited.ca\/wp-content\/uploads\/access_to_waterways_FR_thumb-min-263x300.png 263w, https:\/\/boatingunited.ca\/wp-content\/uploads\/access_to_waterways_FR_thumb-min-898x1024.png 898w, https:\/\/boatingunited.ca\/wp-content\/uploads\/access_to_waterways_FR_thumb-min-768x876.png 768w\" sizes=\"(max-width: 1000px) 100vw, 1000px\" \/>\t\t\t\t\t\t\t\t\t\t\t\t\t\t\t<\/div>\n\t\t\t\t<\/div>\n\t\t\t\t<div class=\"elementor-element elementor-element-c4106cd elementor-align-center elementor-widget elementor-widget-button\" data-id=\"c4106cd\" data-element_type=\"widget\" data-e-type=\"widget\" data-widget_type=\"button.default\">\n\t\t\t\t<div class=\"elementor-widget-container\">\n\t\t\t\t\t\t\t\t\t<div class=\"elementor-button-wrapper\">\n\t\t\t\t\t<a class=\"elementor-button elementor-button-link elementor-size-sm\" href=\"\/wp-content\/uploads\/access_to_waterways_FR.pdf\" target=\"_blank\">\n\t\t\t\t\t\t<span class=\"elementor-button-content-wrapper\">\n\t\t\t\t\t\t\t\t\t<span class=\"elementor-button-text\">Voir la campagne<\/span>\n\t\t\t\t\t<\/span>\n\t\t\t\t\t<\/a>\n\t\t\t\t<\/div>\n\t\t\t\t\t\t\t\t<\/div>\n\t\t\t\t<\/div>\n\t\t\t\t<\/div>\n\t\t\t\t\t<\/div>\n\t\t\t\t<\/div>\n\t\t\t\t<\/div>\n\t\t\t\t<\/div>\n\t\t","protected":false},"excerpt":{"rendered":"<p>Campagnes pr\u00e9c\u00e9dentes Retour \u00e0 la page d&rsquo;accueil Port obligatoire des VFI et des gilets de sauvetage Voir la campagne R\u00e8glement sur les restrictions \u00e0 l&rsquo;exploitation des navires Voir la campagne<\/p>\n","protected":false},"author":2,"featured_media":0,"parent":0,"menu_order":0,"comment_status":"closed","ping_status":"closed","template":"page-campaignarchive.php","meta":{"_acf_changed":false,"inline_featured_image":false,"footnotes":"","_wp_rev_ctl_limit":""},"class_list":["post-11794","page","type-page","status-publish","hentry"],"acf":[],"yoast_head":"<!-- This site is optimized with the Yoast SEO plugin v27.4 - https:\/\/yoast.com\/product\/yoast-seo-wordpress\/ -->\n<title>Campagnes pr\u00e9c\u00e9dentes - Boating United<\/title>\n<meta name=\"robots\" content=\"index, follow, max-snippet:-1, max-image-preview:large, max-video-preview:-1\" \/>\n<link rel=\"canonical\" href=\"https:\/\/boatingunited.ca\/fr\/campagnes-precedentes\/\" \/>\n<meta property=\"og:locale\" content=\"fr_FR\" \/>\n<meta property=\"og:type\" content=\"article\" \/>\n<meta property=\"og:title\" content=\"Campagnes pr\u00e9c\u00e9dentes - Boating United\" \/>\n<meta property=\"og:description\" content=\"Campagnes pr\u00e9c\u00e9dentes Retour \u00e0 la page d&rsquo;accueil Port obligatoire des VFI et des gilets de sauvetage Voir la campagne R\u00e8glement sur les restrictions \u00e0 l&rsquo;exploitation des navires Voir la campagne\" \/>\n<meta property=\"og:url\" content=\"https:\/\/boatingunited.ca\/fr\/campagnes-precedentes\/\" \/>\n<meta property=\"og:site_name\" content=\"Boating United\" \/>\n<meta property=\"article:modified_time\" content=\"2025-01-15T18:56:19+00:00\" \/>\n<meta property=\"og:image\" content=\"https:\/\/boatingunited.ca\/wp-content\/uploads\/PFDs_lifejackets_FR_thumb-min.png\" \/>\n\t<meta property=\"og:image:width\" content=\"1140\" \/>\n\t<meta property=\"og:image:height\" content=\"1316\" \/>\n\t<meta property=\"og:image:type\" content=\"image\/png\" \/>\n<meta name=\"twitter:card\" content=\"summary_large_image\" \/>\n<meta name=\"twitter:label1\" content=\"Dur\u00e9e de lecture estim\u00e9e\" \/>\n\t<meta name=\"twitter:data1\" content=\"1 minute\" \/>\n<script type=\"application\/ld+json\" class=\"yoast-schema-graph\">{\"@context\":\"https:\\\/\\\/schema.org\",\"@graph\":[{\"@type\":\"WebPage\",\"@id\":\"https:\\\/\\\/boatingunited.ca\\\/fr\\\/campagnes-precedentes\\\/\",\"url\":\"https:\\\/\\\/boatingunited.ca\\\/fr\\\/campagnes-precedentes\\\/\",\"name\":\"Campagnes pr\u00e9c\u00e9dentes - Boating United\",\"isPartOf\":{\"@id\":\"https:\\\/\\\/boatingunited.ca\\\/#website\"},\"primaryImageOfPage\":{\"@id\":\"https:\\\/\\\/boatingunited.ca\\\/fr\\\/campagnes-precedentes\\\/#primaryimage\"},\"image\":{\"@id\":\"https:\\\/\\\/boatingunited.ca\\\/fr\\\/campagnes-precedentes\\\/#primaryimage\"},\"thumbnailUrl\":\"https:\\\/\\\/boatingunited.ca\\\/wp-content\\\/uploads\\\/PFDs_lifejackets_FR_thumb-min.png\",\"datePublished\":\"2024-12-18T20:31:09+00:00\",\"dateModified\":\"2025-01-15T18:56:19+00:00\",\"breadcrumb\":{\"@id\":\"https:\\\/\\\/boatingunited.ca\\\/fr\\\/campagnes-precedentes\\\/#breadcrumb\"},\"inLanguage\":\"fr-FR\",\"potentialAction\":[{\"@type\":\"ReadAction\",\"target\":[\"https:\\\/\\\/boatingunited.ca\\\/fr\\\/campagnes-precedentes\\\/\"]}]},{\"@type\":\"ImageObject\",\"inLanguage\":\"fr-FR\",\"@id\":\"https:\\\/\\\/boatingunited.ca\\\/fr\\\/campagnes-precedentes\\\/#primaryimage\",\"url\":\"https:\\\/\\\/boatingunited.ca\\\/wp-content\\\/uploads\\\/PFDs_lifejackets_FR_thumb-min.png\",\"contentUrl\":\"https:\\\/\\\/boatingunited.ca\\\/wp-content\\\/uploads\\\/PFDs_lifejackets_FR_thumb-min.png\"},{\"@type\":\"BreadcrumbList\",\"@id\":\"https:\\\/\\\/boatingunited.ca\\\/fr\\\/campagnes-precedentes\\\/#breadcrumb\",\"itemListElement\":[{\"@type\":\"ListItem\",\"position\":1,\"name\":\"Home\",\"item\":\"https:\\\/\\\/boatingunited.ca\\\/fr\\\/\"},{\"@type\":\"ListItem\",\"position\":2,\"name\":\"Campagnes pr\u00e9c\u00e9dentes\"}]},{\"@type\":\"WebSite\",\"@id\":\"https:\\\/\\\/boatingunited.ca\\\/#website\",\"url\":\"https:\\\/\\\/boatingunited.ca\\\/\",\"name\":\"Boating United\",\"description\":\"Vessel Operation Restriction Regulations\",\"potentialAction\":[{\"@type\":\"SearchAction\",\"target\":{\"@type\":\"EntryPoint\",\"urlTemplate\":\"https:\\\/\\\/boatingunited.ca\\\/?s={search_term_string}\"},\"query-input\":{\"@type\":\"PropertyValueSpecification\",\"valueRequired\":true,\"valueName\":\"search_term_string\"}}],\"inLanguage\":\"fr-FR\"}]}<\/script>\n<!-- \/ Yoast SEO plugin. -->","yoast_head_json":{"title":"Campagnes pr\u00e9c\u00e9dentes - Boating United","robots":{"index":"index","follow":"follow","max-snippet":"max-snippet:-1","max-image-preview":"max-image-preview:large","max-video-preview":"max-video-preview:-1"},"canonical":"https:\/\/boatingunited.ca\/fr\/campagnes-precedentes\/","og_locale":"fr_FR","og_type":"article","og_title":"Campagnes pr\u00e9c\u00e9dentes - Boating United","og_description":"Campagnes pr\u00e9c\u00e9dentes Retour \u00e0 la page d&rsquo;accueil Port obligatoire des VFI et des gilets de sauvetage Voir la campagne R\u00e8glement sur les restrictions \u00e0 l&rsquo;exploitation des navires Voir la campagne","og_url":"https:\/\/boatingunited.ca\/fr\/campagnes-precedentes\/","og_site_name":"Boating United","article_modified_time":"2025-01-15T18:56:19+00:00","og_image":[{"width":1140,"height":1316,"url":"https:\/\/boatingunited.ca\/wp-content\/uploads\/PFDs_lifejackets_FR_thumb-min.png","type":"image\/png"}],"twitter_card":"summary_large_image","twitter_misc":{"Dur\u00e9e de lecture estim\u00e9e":"1 minute"},"schema":{"@context":"https:\/\/schema.org","@graph":[{"@type":"WebPage","@id":"https:\/\/boatingunited.ca\/fr\/campagnes-precedentes\/","url":"https:\/\/boatingunited.ca\/fr\/campagnes-precedentes\/","name":"Campagnes pr\u00e9c\u00e9dentes - Boating United","isPartOf":{"@id":"https:\/\/boatingunited.ca\/#website"},"primaryImageOfPage":{"@id":"https:\/\/boatingunited.ca\/fr\/campagnes-precedentes\/#primaryimage"},"image":{"@id":"https:\/\/boatingunited.ca\/fr\/campagnes-precedentes\/#primaryimage"},"thumbnailUrl":"https:\/\/boatingunited.ca\/wp-content\/uploads\/PFDs_lifejackets_FR_thumb-min.png","datePublished":"2024-12-18T20:31:09+00:00","dateModified":"2025-01-15T18:56:19+00:00","breadcrumb":{"@id":"https:\/\/boatingunited.ca\/fr\/campagnes-precedentes\/#breadcrumb"},"inLanguage":"fr-FR","potentialAction":[{"@type":"ReadAction","target":["https:\/\/boatingunited.ca\/fr\/campagnes-precedentes\/"]}]},{"@type":"ImageObject","inLanguage":"fr-FR","@id":"https:\/\/boatingunited.ca\/fr\/campagnes-precedentes\/#primaryimage","url":"https:\/\/boatingunited.ca\/wp-content\/uploads\/PFDs_lifejackets_FR_thumb-min.png","contentUrl":"https:\/\/boatingunited.ca\/wp-content\/uploads\/PFDs_lifejackets_FR_thumb-min.png"},{"@type":"BreadcrumbList","@id":"https:\/\/boatingunited.ca\/fr\/campagnes-precedentes\/#breadcrumb","itemListElement":[{"@type":"ListItem","position":1,"name":"Home","item":"https:\/\/boatingunited.ca\/fr\/"},{"@type":"ListItem","position":2,"name":"Campagnes pr\u00e9c\u00e9dentes"}]},{"@type":"WebSite","@id":"https:\/\/boatingunited.ca\/#website","url":"https:\/\/boatingunited.ca\/","name":"Boating United","description":"Vessel Operation Restriction Regulations","potentialAction":[{"@type":"SearchAction","target":{"@type":"EntryPoint","urlTemplate":"https:\/\/boatingunited.ca\/?s={search_term_string}"},"query-input":{"@type":"PropertyValueSpecification","valueRequired":true,"valueName":"search_term_string"}}],"inLanguage":"fr-FR"}]}},"_links":{"self":[{"href":"https:\/\/boatingunited.ca\/fr\/wp-json\/wp\/v2\/pages\/11794","targetHints":{"allow":["GET"]}}],"collection":[{"href":"https:\/\/boatingunited.ca\/fr\/wp-json\/wp\/v2\/pages"}],"about":[{"href":"https:\/\/boatingunited.ca\/fr\/wp-json\/wp\/v2\/types\/page"}],"author":[{"embeddable":true,"href":"https:\/\/boatingunited.ca\/fr\/wp-json\/wp\/v2\/users\/2"}],"replies":[{"embeddable":true,"href":"https:\/\/boatingunited.ca\/fr\/wp-json\/wp\/v2\/comments?post=11794"}],"version-history":[{"count":3,"href":"https:\/\/boatingunited.ca\/fr\/wp-json\/wp\/v2\/pages\/11794\/revisions"}],"predecessor-version":[{"id":11804,"href":"https:\/\/boatingunited.ca\/fr\/wp-json\/wp\/v2\/pages\/11794\/revisions\/11804"}],"wp:attachment":[{"href":"https:\/\/boatingunited.ca\/fr\/wp-json\/wp\/v2\/media?parent=11794"}],"curies":[{"name":"wp","href":"https:\/\/api.w.org\/{rel}","templated":true}]}}